{"id":342,"date":"2025-09-04T11:26:58","date_gmt":"2025-09-04T11:26:58","guid":{"rendered":"https:\/\/cleenumsolution.com\/politica-de-cookies\/"},"modified":"2025-12-18T11:17:13","modified_gmt":"2025-12-18T11:17:13","slug":"cookie-policy","status":"publish","type":"page","link":"https:\/\/cleenumsolution.com\/en\/cookie-policy\/","title":{"rendered":"Cookie Policy"},"content":{"rendered":"<section class=\"text_content_text_1_1 background-1-light\" data-block-id=\"69e4c24d69f4569e4c24d69f46\" data-block-name=\"acf\/textcontent-1-1\" data-post-id=\"342\" data-stable-id=\"block_6e8d0e588de48ff69ccb576deb448dac\">\r\n    <div class=\"container\">\r\n        <div class=\"row\">\r\n            <div class=\"col\">\r\n                <div class=\"content-theme\">\r\n                                        <div class=\"texto color-1-headings-dark tamano7\">\r\n                        <p>u005cu003ch2 style=&#8217;text-align: center&#8217;u005cu003eCOOKIE POLICY u005cu003cbru005cu003eu005cru005cn https:\/\/cleenumsolution.com\/en\/u005cu003c\/h2u005cu003eu005cru005cn u005cu0026nbsp;u005cru005cn u005cu003cpu005cu003eu005cru005cn Access to this Website may involve the use of cookies. Cookies are small amounts of information stored in the browser used by each User\u2014in the different devices they may use to browse\u2014so that the server can remember certain information that only the server that implemented it will later read. Cookies facilitate navigation, make it more user-friendly, and do not harm the browsing device.u005cru005cnu005cru005cn u005cu003c\/pu005cu003eu005cru005cn u005cu003cpu005cu003eu005cru005cn Cookies are automatic information collection procedures regarding the preferences set by the User during their visit to the Website in order to recognize them as a User, personalize their experience and use of the Website, and may also help, for example, identify and resolve errors.u005cru005cn u005cu003c\/pu005cu003eu005cru005cn u005cu003cpu005cu003eu005cru005cn The information gathered through cookies may include the date and time of visits to the Website, the pages viewed, the time spent on the Website, and the websites visited immediately before and after it. However, no cookie allows this same information to be contacted with the User\u2019s phone number or any other personal contact method. No cookie can extract information from the User&#8217;s hard drive or steal personal information. The only way the User\u2019s private information can be part of the Cookie file is if the user personally provides that information to the server.u005cru005cnu005cru005cn u005cu003c\/pu005cu003eu005cru005cn u005cu003cpu005cu003eu005cru005cn Cookies that enable the identification of an individual are considered personal data. Therefore, the previously described Privacy Policy will apply to them. In this sense, the User&#8217;s consent will be required for the use of such cookies. This consent will be communicated, based on an authentic choice, offered through an affirmative and positive decision, before initial processing, removable and documented.u005cru005cnu005cru005cn u005cu003c\/pu005cu003eu005cru005cn u005cu0026nbsp;u005cru005cn u005cu003ch4u005cu003eFirst-party cookiesu005cu003c\/h4u005cu003eu005cru005cn u005cu003cpu005cu003eu005cru005cn These are cookies sent to the User\u2019s computer or device and managed exclusively by Blog de Rubia de Cassia Brusarosco for the better functioning of the Website. The information collected is used to improve the quality of the Website, its Content, and the User&#8217;s experience. These cookies allow the User to be recognized as a repeat visitor to the Website and adjust the content to offer them content that matches their preferences.u005cru005cnu005cru005cn u005cu003c\/pu005cu003eu005cru005cn u005cu0026nbsp;u005cru005cn u005cu003ch4u005cu003eThird-party cookiesu005cu003c\/h4u005cu003eu005cru005cn u005cu003cpu005cu003eu005cru005cn These are cookies used and managed by external entities that provide services requested by Blog de Rubia de Cassia Brusarosco to improve the Website and the user experience when browsing the Website. The main objectives for which third-party cookies are used are to obtain access statistics and analyze browsing information, that is, how the User interacts with the Website.u005cru005cnu005cru005cn u005cu003c\/pu005cu003eu005cru005cn u005cu003cpu005cu003eu005cru005cn The information obtained refers to, for example, the number of pages viewed, the language, the location from which the User\u2019s IP address is accessing, the number of Users accessing, the frequency and recurrence of visits, the duration of the visit, the browser they use, the operator or type of device from which the visit is made. This information is used to improve the Website, and detect new needs to provide Users with optimal quality content and\/or service. In any case, the information is collected anonymously and trend reports for the Website are made without identifying individual users.u005cru005cnu005cru005cn u005cu003c\/pu005cu003eu005cru005cn u005cu003cpu005cu003eu005cru005cn You can get more information about cookies, privacy information, or access the description of the type of cookies used, their main characteristics, expiration period, etc. in the following link(s):u005cru005cn u005cu003c\/pu005cu003e u005cru005cn u005cu003cpu005cu003eu005cru005cn The entity(ies) responsible for supplying cookies may transfer this information to third parties, provided it is required by law or a third party processes this information for such entities.u005cru005cn u005cu003c\/pu005cu003eu005cru005cn u005cu0026nbsp;u005cru005cn u005cu003ch4u005cu003eu005cru005cn Social media cookiesu005cu003c\/h4u005cu003eu005cru005cnu005cru005cn u005cu003cpu005cu003eu005cru005cn Blog de Rubia de Cassia Brusarosco incorporates social media plugins, which allow access to them from the Website. For this reason, social media cookies may be stored in the User&#8217;s browser. The owners of these social networks have their own data protection and cookie policies, being responsible for their own files and privacy practices, in each case. The User should refer to them to find out about such cookies and, where appropriate, the processing of their personal data. Merely for information purposes, the following links are provided where such privacy and\/or cookie policies can be consulted:u005cru005cnu005cru005cn u005cu003c\/pu005cu003eu005cru005cn u005cu003culu005cu003eu005cru005cn u005cu003cliu005cu003eFacebook: u005cu003ca href=&#8217;https:\/\/www.facebook.com\/policies\/cookies\/&#8217;u005cu003ehttps:\/\/www.facebook.com\/policies\/cookies\/u005cu003c\/au005cu003eu005cu003c\/liu005cu003eu005cru005cn u005cu003cliu005cu003eTwitter: u005cu003ca href=&#8217;https:\/\/twitter.com\/es\/privacy&#8217;u005cu003ehttps:\/\/twitter.com\/es\/privacyu005cu003c\/au005cu003eu005cu003c\/liu005cu003eu005cru005cn u005cu003cliu005cu003eInstagram: u005cu003ca href=&#8217;https:\/\/help.instagram.com\/1896641480634370?ref=ig&#8217;u005cu003ehttps:\/\/help.instagram.com\/1896641480634370?ref=igu005cu003c\/au005cu003eu005cu003c\/liu005cu003eu005cru005cn u005cu003cliu005cu003eYouTube: u005cu003ca href=&#8217;https:\/\/policies.google.com\/privacy?hl=es-419u005cu0026amp;gl=mx&#8217;u005cu003ehttps:\/\/policies.google.com\/privacy?hl=es-419u005cu0026amp;gl=mxu005cu003c\/au005cu003eu005cu003c\/liu005cu003eu005cru005cn u005cu003cliu005cu003ePinterest: u005cu003ca href=&#8217;https:\/\/policy.pinterest.com\/es\/privacy-policy&#8217;u005cu003ehttps:\/\/policy.pinterest.com\/es\/privacy-policyu005cu003c\/au005cu003eu005cu003c\/liu005cu003eu005cru005cn u005cu003cliu005cu003eLinkedIn: u005cu003ca href=&#8217;https:\/\/www.linkedin.com\/legal\/cookie-policy?trk=hp-cookies&#8217;u005cu003ehttps:\/\/www.linkedin.com\/legal\/cookie-policy?trk=hp-cookiesu005cu003c\/au005cu003eu005cu003c\/liu005cu003eu005cru005cn u005cu003cliu005cu003eDisable, reject and delete cookiesu005cu003c\/liu005cu003eu005cru005cn u005cu003c\/ulu005cu003eu005cru005cn u005cu003cpu005cu003eu005cru005cn The User can disable, reject, and delete cookies\u2014totally or partially\u2014installed on their device through the configuration of their browser (among which are Chrome, Firefox, Safari, Explorer, for example). In this respect, the procedures for rejecting and deleting cookies may differ from one Internet browser to another. Consequently, the User must refer to the instructions provided by the specific Internet browser they are using. Should the use of cookies be rejected\u2014totally or partially\u2014the User can still use the Website, although they may have limited the use of some of its features.u005cru005cnu005cru005cn u005cu003c\/pu005cu003eu005cru005cn u005cu003cpu005cu003eu005cru005cn This Cookie Policy document was created using the free online cookie policy template generator on 02\/18\/2024.u005cru005cn u005cu003c\/pu005cu003e<\/p>\n                    <\/div>\r\n                                    <\/div>\r\n            <\/div>\r\n        <\/div>\r\n    <\/div>\r\n<\/section>\r\n<style>\r\n    .text_content_text_1_1 h1 {\r\n        padding-bottom: 60px;\r\n        font-size: var(--tamano1-font-size);\r\n        font-weight: var(--tamano1-font-weight);\r\n        line-height: var(--tamano1-line-height);\r\n        letter-spacing: var(--tamano1-letter-spacing);\r\n        font-family: var(--tamano1-font-family);\r\n        color: var(--color-2-headings-dark);\r\n    }\r\n\r\n    .text_content_text_1_1 h2 {\r\n        padding-bottom: 60px;\r\n        font-size: var(--tamano2-font-size);\r\n        font-weight: var(--tamano2-font-weight);\r\n        line-height: var(--tamano2-line-height);\r\n        letter-spacing: var(--tamano2-letter-spacing);\r\n        font-family: var(--tamano2-font-family);\r\n        color: var(--color-2-headings-dark);\r\n    }\r\n\r\n    .text_content_text_1_1 h3 {\r\n        padding-bottom: 60px;\r\n        font-size: var(--tamano3-font-size);\r\n        font-weight: var(--tamano3-font-weight);\r\n        line-height: var(--tamano3-line-height);\r\n        letter-spacing: var(--tamano3-letter-spacing);\r\n        font-family: var(--tamano3-font-family);\r\n        color: var(--color-2-headings-dark);\r\n    }\r\n\r\n    .text_content_text_1_1 h4 {\r\n        padding-bottom: 60px;\r\n        font-size: var(--tamano4-font-size);\r\n        font-weight: var(--tamano4-font-weight);\r\n        line-height: var(--tamano4-line-height);\r\n        letter-spacing: var(--tamano4-letter-spacing);\r\n        font-family: var(--tamano4-font-family);\r\n        color: var(--color-2-headings-dark);\r\n    }\r\n\r\n    .text_content_text_1_1 ul,\r\n    .text_content_text_1_1 ol {\r\n        padding-left: 20px;\r\n    }\r\n\r\n    .text_content_text_1_1 .row .col {\r\n        padding-top: 75px;\r\n        width: 100%;\r\n    }\r\n\r\n\r\n    .text_content_text_1_1 .texto {\r\n        margin-bottom: 50px;\r\n    }\r\n\r\n    .text_content_text_1_1 .texto * {\r\n        padding-bottom: 20px;\r\n    }\r\n\r\n\r\n    .text_content_text_1_1 .row {\r\n        display: flex;\r\n        gap: 0px;\r\n    }\r\n\r\n    .text_content_text_1_1 {\r\n        position: relative;\r\n        background-position: center;\r\n        background-repeat: no-repeat;\r\n        background-size: cover;\r\n        padding: 81px 150px;\r\n        margin-top: -1px;\r\n    }\r\n\r\n    @media (max-width:1750px) {\r\n        .text_content_text_1_1 .row {\r\n            gap: 100px;\r\n        }\r\n    }\r\n\r\n    @media (max-width:1550px) {\r\n        .text_content_text_1_1 {\r\n            padding-left: 50px;\r\n            padding-right: 50px;\r\n        }\r\n    }\r\n\r\n    @media (max-width:1350px) {\r\n        .text_content_text_1_1 .row {\r\n            gap: 30px;\r\n        }\r\n    }\r\n\r\n    @media (max-width:1200px) {\r\n        .text_content_text_1_1 {\r\n            padding-left: 0;\r\n            padding-right: 0;\r\n        }\r\n    }\r\n\r\n    @media (max-width:992px) {\r\n        .text_content_text_1_1 .row .col-left {\r\n            padding-top: 0;\r\n            max-width: 100%;\r\n        }\r\n\r\n        .text_content_text_1_1 .texto {\r\n            margin-bottom: 35px;\r\n        }\r\n\r\n        .text_content_text_1_1 h2 {\r\n            padding-bottom: 40px;\r\n        }\r\n\r\n        .text_content_text_1_1 {\r\n            padding: 40px 0;\r\n        }\r\n\r\n        .text_content_text_1_1 h1 {\r\n            font-size: var(--tamano1-font-size-mobile);\r\n        }\r\n\r\n        .text_content_text_1_1 h2 {\r\n            font-size: var(--tamano2-font-size-mobile);\r\n        }\r\n\r\n        .text_content_text_1_1 h3 {\r\n            font-size: var(--tamano3-font-size-mobile);\r\n        }\r\n\r\n        .text_content_text_1_1 h4 {\r\n            font-size: var(--tamano4-font-size-mobile);\r\n        }\r\n    }\r\n<\/style>\r\n","protected":false},"excerpt":{"rendered":"","protected":false},"author":0,"featured_media":0,"parent":0,"menu_order":0,"comment_status":"open","ping_status":"closed","template":"","meta":{"_acf_changed":false,"iawp_total_views":0,"footnotes":""},"class_list":["post-342","page","type-page","status-publish","hentry"],"acf":[],"yoast_head":"<!-- This site is optimized with the Yoast SEO plugin v27.4 - https:\/\/yoast.com\/product\/yoast-seo-wordpress\/ -->\n<title>Pol\u00edtica de Cookies - Cleenum Solution<\/title>\n<meta name=\"description\" content=\"Conoce c\u00f3mo Cleenum Solution utiliza cookies para mejorar tu experiencia de navegaci\u00f3n. Aprende sobre cookies propias y de terceros, y c\u00f3mo gestionarlas.\" \/>\n<meta name=\"robots\" content=\"index, follow, max-snippet:-1, max-image-preview:large, max-video-preview:-1\" \/>\n<link rel=\"canonical\" href=\"https:\/\/cleenumsolution.com\/en\/cookie-policy\/\" \/>\n<meta property=\"og:locale\" content=\"en_US\" \/>\n<meta property=\"og:type\" content=\"article\" \/>\n<meta property=\"og:title\" content=\"Pol\u00edtica de Cookies - Cleenum Solution\" \/>\n<meta property=\"og:description\" content=\"Conoce c\u00f3mo Cleenum Solution utiliza cookies para mejorar tu experiencia de navegaci\u00f3n. Aprende sobre cookies propias y de terceros, y c\u00f3mo gestionarlas.\" \/>\n<meta property=\"og:url\" content=\"https:\/\/cleenumsolution.com\/en\/cookie-policy\/\" \/>\n<meta property=\"og:site_name\" content=\"Cleenum Solution\" \/>\n<meta property=\"article:modified_time\" content=\"2025-12-18T11:17:13+00:00\" \/>\n<meta name=\"twitter:card\" content=\"summary_large_image\" \/>\n<!-- \/ Yoast SEO plugin. -->","yoast_head_json":{"title":"Pol\u00edtica de Cookies - Cleenum Solution","description":"Conoce c\u00f3mo Cleenum Solution utiliza cookies para mejorar tu experiencia de navegaci\u00f3n. Aprende sobre cookies propias y de terceros, y c\u00f3mo gestionarlas.","robots":{"index":"index","follow":"follow","max-snippet":"max-snippet:-1","max-image-preview":"max-image-preview:large","max-video-preview":"max-video-preview:-1"},"canonical":"https:\/\/cleenumsolution.com\/en\/cookie-policy\/","og_locale":"en_US","og_type":"article","og_title":"Pol\u00edtica de Cookies - Cleenum Solution","og_description":"Conoce c\u00f3mo Cleenum Solution utiliza cookies para mejorar tu experiencia de navegaci\u00f3n. Aprende sobre cookies propias y de terceros, y c\u00f3mo gestionarlas.","og_url":"https:\/\/cleenumsolution.com\/en\/cookie-policy\/","og_site_name":"Cleenum Solution","article_modified_time":"2025-12-18T11:17:13+00:00","twitter_card":"summary_large_image","schema":{"@context":"https:\/\/schema.org","@graph":[{"@type":"WebPage","@id":"https:\/\/cleenumsolution.com\/en\/cookie-policy\/","url":"https:\/\/cleenumsolution.com\/en\/cookie-policy\/","name":"Pol\u00edtica de Cookies - Cleenum Solution","isPartOf":{"@id":"https:\/\/cleenumsolution.com\/en\/#website"},"datePublished":"2025-09-04T11:26:58+00:00","dateModified":"2025-12-18T11:17:13+00:00","description":"Conoce c\u00f3mo Cleenum Solution utiliza cookies para mejorar tu experiencia de navegaci\u00f3n. Aprende sobre cookies propias y de terceros, y c\u00f3mo gestionarlas.","breadcrumb":{"@id":"https:\/\/cleenumsolution.com\/en\/cookie-policy\/#breadcrumb"},"inLanguage":"en-US","potentialAction":[{"@type":"ReadAction","target":["https:\/\/cleenumsolution.com\/en\/cookie-policy\/"]}]},{"@type":"BreadcrumbList","@id":"https:\/\/cleenumsolution.com\/en\/cookie-policy\/#breadcrumb","itemListElement":[{"@type":"ListItem","position":1,"name":"Portada","item":"https:\/\/cleenumsolution.com\/en\/home\/"},{"@type":"ListItem","position":2,"name":"Cookie Policy"}]},{"@type":"WebSite","@id":"https:\/\/cleenumsolution.com\/en\/#website","url":"https:\/\/cleenumsolution.com\/en\/","name":"Cleenum Solution","description":"","publisher":{"@id":"https:\/\/cleenumsolution.com\/en\/#organization"},"potentialAction":[{"@type":"SearchAction","target":{"@type":"EntryPoint","urlTemplate":"https:\/\/cleenumsolution.com\/en\/?s={search_term_string}"},"query-input":{"@type":"PropertyValueSpecification","valueRequired":true,"valueName":"search_term_string"}}],"inLanguage":"en-US"},{"@type":"Organization","@id":"https:\/\/cleenumsolution.com\/en\/#organization","name":"Cleenum Solution","url":"https:\/\/cleenumsolution.com\/en\/","logo":{"@type":"ImageObject","inLanguage":"en-US","@id":"https:\/\/cleenumsolution.com\/en\/#\/schema\/logo\/image\/","url":"https:\/\/cleenumsolution.com\/wp-content\/uploads\/2025\/09\/68b0bc9fb81bf_Ativo-66-scaled.png","contentUrl":"https:\/\/cleenumsolution.com\/wp-content\/uploads\/2025\/09\/68b0bc9fb81bf_Ativo-66-scaled.png","width":2560,"height":695,"caption":"Cleenum Solution"},"image":{"@id":"https:\/\/cleenumsolution.com\/en\/#\/schema\/logo\/image\/"}}]}},"_links":{"self":[{"href":"https:\/\/cleenumsolution.com\/en\/wp-json\/wp\/v2\/pages\/342","targetHints":{"allow":["GET"]}}],"collection":[{"href":"https:\/\/cleenumsolution.com\/en\/wp-json\/wp\/v2\/pages"}],"about":[{"href":"https:\/\/cleenumsolution.com\/en\/wp-json\/wp\/v2\/types\/page"}],"replies":[{"embeddable":true,"href":"https:\/\/cleenumsolution.com\/en\/wp-json\/wp\/v2\/comments?post=342"}],"version-history":[{"count":6,"href":"https:\/\/cleenumsolution.com\/en\/wp-json\/wp\/v2\/pages\/342\/revisions"}],"predecessor-version":[{"id":1232,"href":"https:\/\/cleenumsolution.com\/en\/wp-json\/wp\/v2\/pages\/342\/revisions\/1232"}],"wp:attachment":[{"href":"https:\/\/cleenumsolution.com\/en\/wp-json\/wp\/v2\/media?parent=342"}],"curies":[{"name":"wp","href":"https:\/\/api.w.org\/{rel}","templated":true}]}}